{"id":7869,"date":"2019-05-08T09:41:54","date_gmt":"2019-05-08T06:41:54","guid":{"rendered":"https:\/\/www.kideve.fi\/hankintaopas\/?page_id=7869"},"modified":"2019-05-08T09:51:38","modified_gmt":"2019-05-08T06:51:38","slug":"tekisinko-hankinnan-innovatiivisesti-ja-kestavasti","status":"publish","type":"page","link":"https:\/\/www.kideve.fi\/hankintaopas\/kilpailutuksen-toteuttaja\/miten-onnistun-hankinnan-suunnittelussa\/tekisinko-hankinnan-innovatiivisesti-ja-kestavasti\/","title":{"rendered":"Tekisink\u00f6 hankinnan innovatiivisesti ja kest\u00e4v\u00e4sti?"},"content":{"rendered":"","protected":false},"excerpt":{"rendered":"","protected":false},"author":2,"featured_media":7819,"parent":7200,"menu_order":2,"comment_status":"open","ping_status":"closed","template":"","meta":{"_acf_changed":false,"inline_featured_image":false},"class_list":["post-7869","page","type-page","status-publish","has-post-thumbnail","hentry"],"acf":[],"_links":{"self":[{"href":"https:\/\/www.kideve.fi\/hankintaopas\/wp-json\/wp\/v2\/pages\/7869","targetHints":{"allow":["GET"]}}],"collection":[{"href":"https:\/\/www.kideve.fi\/hankintaopas\/wp-json\/wp\/v2\/pages"}],"about":[{"href":"https:\/\/www.kideve.fi\/hankintaopas\/wp-json\/wp\/v2\/types\/page"}],"author":[{"embeddable":true,"href":"https:\/\/www.kideve.fi\/hankintaopas\/wp-json\/wp\/v2\/users\/2"}],"replies":[{"embeddable":true,"href":"https:\/\/www.kideve.fi\/hankintaopas\/wp-json\/wp\/v2\/comments?post=7869"}],"version-history":[{"count":3,"href":"https:\/\/www.kideve.fi\/hankintaopas\/wp-json\/wp\/v2\/pages\/7869\/revisions"}],"predecessor-version":[{"id":7872,"href":"https:\/\/www.kideve.fi\/hankintaopas\/wp-json\/wp\/v2\/pages\/7869\/revisions\/7872"}],"up":[{"embeddable":true,"href":"https:\/\/www.kideve.fi\/hankintaopas\/wp-json\/wp\/v2\/pages\/7200"}],"wp:featuredmedia":[{"embeddable":true,"href":"https:\/\/www.kideve.fi\/hankintaopas\/wp-json\/wp\/v2\/media\/7819"}],"wp:attachment":[{"href":"https:\/\/www.kideve.fi\/hankintaopas\/wp-json\/wp\/v2\/media?parent=7869"}],"curies":[{"name":"wp","href":"https:\/\/api.w.org\/{rel}","templated":true}]}}