{"id":7464,"date":"2018-12-19T15:34:00","date_gmt":"2018-12-19T13:34:00","guid":{"rendered":"http:\/\/www.kideve.fi\/hankintaopas\/?page_id=7464"},"modified":"2019-02-21T17:30:18","modified_gmt":"2019-02-21T15:30:18","slug":"markkinaoikeuden-maaraamat-seuraamukset","status":"publish","type":"page","link":"https:\/\/www.kideve.fi\/hankintaopas\/tarjoaja\/oikeusturvakeinot-hankinnoissa\/markkinaoikeuden-maaraamat-seuraamukset\/","title":{"rendered":"Markkinaoikeuden m\u00e4\u00e4r\u00e4\u00e4m\u00e4t seuraamukset"},"content":{"rendered":"","protected":false},"excerpt":{"rendered":"","protected":false},"author":1,"featured_media":7348,"parent":7439,"menu_order":34,"comment_status":"open","ping_status":"closed","template":"","meta":{"_acf_changed":false,"inline_featured_image":false},"class_list":["post-7464","page","type-page","status-publish","has-post-thumbnail","hentry"],"acf":[],"_links":{"self":[{"href":"https:\/\/www.kideve.fi\/hankintaopas\/wp-json\/wp\/v2\/pages\/7464","targetHints":{"allow":["GET"]}}],"collection":[{"href":"https:\/\/www.kideve.fi\/hankintaopas\/wp-json\/wp\/v2\/pages"}],"about":[{"href":"https:\/\/www.kideve.fi\/hankintaopas\/wp-json\/wp\/v2\/types\/page"}],"author":[{"embeddable":true,"href":"https:\/\/www.kideve.fi\/hankintaopas\/wp-json\/wp\/v2\/users\/1"}],"replies":[{"embeddable":true,"href":"https:\/\/www.kideve.fi\/hankintaopas\/wp-json\/wp\/v2\/comments?post=7464"}],"version-history":[{"count":0,"href":"https:\/\/www.kideve.fi\/hankintaopas\/wp-json\/wp\/v2\/pages\/7464\/revisions"}],"up":[{"embeddable":true,"href":"https:\/\/www.kideve.fi\/hankintaopas\/wp-json\/wp\/v2\/pages\/7439"}],"wp:featuredmedia":[{"embeddable":true,"href":"https:\/\/www.kideve.fi\/hankintaopas\/wp-json\/wp\/v2\/media\/7348"}],"wp:attachment":[{"href":"https:\/\/www.kideve.fi\/hankintaopas\/wp-json\/wp\/v2\/media?parent=7464"}],"curies":[{"name":"wp","href":"https:\/\/api.w.org\/{rel}","templated":true}]}}