{"id":7462,"date":"2018-12-19T15:30:24","date_gmt":"2018-12-19T13:30:24","guid":{"rendered":"http:\/\/www.kideve.fi\/hankintaopas\/?page_id=7462"},"modified":"2019-01-23T16:52:03","modified_gmt":"2019-01-23T14:52:03","slug":"miten-voin-valittaa-markkinaoikeuteen-ja-mita-hyotya-siita-on","status":"publish","type":"page","link":"https:\/\/www.kideve.fi\/hankintaopas\/tarjoaja\/oikeusturvakeinot-hankinnoissa\/miten-voin-valittaa-markkinaoikeuteen-ja-mita-hyotya-siita-on\/","title":{"rendered":"Miten voin valittaa markkinaoikeuteen ja mit\u00e4 hy\u00f6ty\u00e4 siit\u00e4 on?"},"content":{"rendered":"","protected":false},"excerpt":{"rendered":"","protected":false},"author":1,"featured_media":7345,"parent":7439,"menu_order":33,"comment_status":"open","ping_status":"closed","template":"","meta":{"_acf_changed":false,"inline_featured_image":false},"class_list":["post-7462","page","type-page","status-publish","has-post-thumbnail","hentry"],"acf":[],"_links":{"self":[{"href":"https:\/\/www.kideve.fi\/hankintaopas\/wp-json\/wp\/v2\/pages\/7462","targetHints":{"allow":["GET"]}}],"collection":[{"href":"https:\/\/www.kideve.fi\/hankintaopas\/wp-json\/wp\/v2\/pages"}],"about":[{"href":"https:\/\/www.kideve.fi\/hankintaopas\/wp-json\/wp\/v2\/types\/page"}],"author":[{"embeddable":true,"href":"https:\/\/www.kideve.fi\/hankintaopas\/wp-json\/wp\/v2\/users\/1"}],"replies":[{"embeddable":true,"href":"https:\/\/www.kideve.fi\/hankintaopas\/wp-json\/wp\/v2\/comments?post=7462"}],"version-history":[{"count":0,"href":"https:\/\/www.kideve.fi\/hankintaopas\/wp-json\/wp\/v2\/pages\/7462\/revisions"}],"up":[{"embeddable":true,"href":"https:\/\/www.kideve.fi\/hankintaopas\/wp-json\/wp\/v2\/pages\/7439"}],"wp:featuredmedia":[{"embeddable":true,"href":"https:\/\/www.kideve.fi\/hankintaopas\/wp-json\/wp\/v2\/media\/7345"}],"wp:attachment":[{"href":"https:\/\/www.kideve.fi\/hankintaopas\/wp-json\/wp\/v2\/media?parent=7462"}],"curies":[{"name":"wp","href":"https:\/\/api.w.org\/{rel}","templated":true}]}}