{"id":7428,"date":"2018-12-19T14:50:00","date_gmt":"2018-12-19T12:50:00","guid":{"rendered":"http:\/\/www.kideve.fi\/hankintaopas\/?page_id=7428"},"modified":"2019-02-21T17:06:16","modified_gmt":"2019-02-21T15:06:16","slug":"enta-jos-tarjouspyynto-vaikuttaa-kohtuuttomalta-tai-syrjivalta","status":"publish","type":"page","link":"https:\/\/www.kideve.fi\/hankintaopas\/tarjoaja\/onnistuneen-tarjouksen-sisalto\/enta-jos-tarjouspyynto-vaikuttaa-kohtuuttomalta-tai-syrjivalta\/","title":{"rendered":"Ent\u00e4, jos tarjouspyynt\u00f6 vaikuttaa kohtuuttomalta tai syrjiv\u00e4lt\u00e4?"},"content":{"rendered":"","protected":false},"excerpt":{"rendered":"","protected":false},"author":1,"featured_media":7348,"parent":7393,"menu_order":27,"comment_status":"open","ping_status":"closed","template":"","meta":{"_acf_changed":false,"inline_featured_image":false},"class_list":["post-7428","page","type-page","status-publish","has-post-thumbnail","hentry"],"acf":[],"_links":{"self":[{"href":"https:\/\/www.kideve.fi\/hankintaopas\/wp-json\/wp\/v2\/pages\/7428","targetHints":{"allow":["GET"]}}],"collection":[{"href":"https:\/\/www.kideve.fi\/hankintaopas\/wp-json\/wp\/v2\/pages"}],"about":[{"href":"https:\/\/www.kideve.fi\/hankintaopas\/wp-json\/wp\/v2\/types\/page"}],"author":[{"embeddable":true,"href":"https:\/\/www.kideve.fi\/hankintaopas\/wp-json\/wp\/v2\/users\/1"}],"replies":[{"embeddable":true,"href":"https:\/\/www.kideve.fi\/hankintaopas\/wp-json\/wp\/v2\/comments?post=7428"}],"version-history":[{"count":0,"href":"https:\/\/www.kideve.fi\/hankintaopas\/wp-json\/wp\/v2\/pages\/7428\/revisions"}],"up":[{"embeddable":true,"href":"https:\/\/www.kideve.fi\/hankintaopas\/wp-json\/wp\/v2\/pages\/7393"}],"wp:featuredmedia":[{"embeddable":true,"href":"https:\/\/www.kideve.fi\/hankintaopas\/wp-json\/wp\/v2\/media\/7348"}],"wp:attachment":[{"href":"https:\/\/www.kideve.fi\/hankintaopas\/wp-json\/wp\/v2\/media?parent=7428"}],"curies":[{"name":"wp","href":"https:\/\/api.w.org\/{rel}","templated":true}]}}